{"id":95,"date":"2021-05-08T12:10:34","date_gmt":"2021-05-08T10:10:34","guid":{"rendered":"https:\/\/avto-j.si\/?page_id=95"},"modified":"2021-05-08T23:12:16","modified_gmt":"2021-05-08T21:12:16","slug":"odkup-vozil","status":"publish","type":"page","link":"https:\/\/avto-j.si\/index.php\/odkup-vozil\/","title":{"rendered":"Odkup vozil"},"content":{"rendered":"<div class=\"wpb-content-wrapper\"><p>[vc_row][vc_column css=&#8221;.vc_custom_1620475654904{margin-bottom: 30px !important;}&#8221;][vc_column_text]\u010ce se zanimate za odkup ali menjavo vozila, izpolnite spodnji obrazec, preko katerega nam posredujete podatke o va\u0161em vozilu, mi pa Vas na \u017eelen na\u010din kontaktiramo v najkraj\u0161em mo\u017enem \u010dasu.[\/vc_column_text][\/vc_column][\/vc_row][vc_row][vc_column][vc_column_text]<form id=\"forminator-module-104\" class=\"forminator-custom-form forminator-custom-form-104\" method=\"post\" data-forminator-render=\"0\" data-uid=\"69e265b58c91c\"><div role=\"alert\" aria-live=\"polite\" class=\"forminator-response-message forminator-error\" aria-hidden=\"true\"><\/div><\/form>[\/vc_column_text][\/vc_column][\/vc_row]<\/p>\n<\/div>","protected":false},"excerpt":{"rendered":"<p>[vc_row][vc_column css=&#8221;.vc_custom_1620475654904{margin-bottom: 30px !important;}&#8221;][vc_column_text]\u010ce se zanimate za odkup ali menjavo vozila, izpolnite spodnji obrazec, preko katerega nam posredujete podatke o va\u0161em vozilu, mi pa Vas na \u017eelen na\u010din kontaktiramo v najkraj\u0161em mo\u017enem \u010dasu.[\/vc_column_text][\/vc_column][\/vc_row][vc_row][vc_column][vc_column_text][\/vc_column_text][\/vc_column][\/vc_row]<\/p>\n","protected":false},"author":1,"featured_media":0,"parent":0,"menu_order":0,"comment_status":"closed","ping_status":"closed","template":"","meta":{"_acf_changed":false,"footnotes":""},"class_list":["post-95","page","type-page","status-publish","hentry"],"yoast_head":"<!-- This site is optimized with the Yoast SEO plugin v27.1.1 - https:\/\/yoast.com\/product\/yoast-seo-wordpress\/ -->\n<title>Odkup vozil - Avto - J - Jernej Bercko s.p.<\/title>\n<meta name=\"description\" content=\"\u010ce se zanimate za odkup ali menjavo vozila, lahko izpolnite obrazec, preko katerega nam hitro posredujete podatke o va\u0161em vozilu.\" \/>\n<meta name=\"robots\" content=\"index, follow, max-snippet:-1, max-image-preview:large, max-video-preview:-1\" \/>\n<link rel=\"canonical\" href=\"https:\/\/avto-j.si\/index.php\/odkup-vozil\/\" \/>\n<meta property=\"og:locale\" content=\"sl_SI\" \/>\n<meta property=\"og:type\" content=\"article\" \/>\n<meta property=\"og:title\" content=\"Odkup vozil - Avto - J - Jernej Bercko s.p.\" \/>\n<meta property=\"og:description\" content=\"\u010ce se zanimate za odkup ali menjavo vozila, lahko izpolnite obrazec, preko katerega nam hitro posredujete podatke o va\u0161em vozilu.\" \/>\n<meta property=\"og:url\" content=\"https:\/\/avto-j.si\/index.php\/odkup-vozil\/\" \/>\n<meta property=\"og:site_name\" content=\"Avto - J\" \/>\n<meta property=\"article:modified_time\" content=\"2021-05-08T21:12:16+00:00\" \/>\n<meta name=\"twitter:card\" content=\"summary_large_image\" \/>\n<script type=\"application\/ld+json\" class=\"yoast-schema-graph\">{\"@context\":\"https:\/\/schema.org\",\"@graph\":[{\"@type\":\"WebPage\",\"@id\":\"https:\/\/avto-j.si\/index.php\/odkup-vozil\/\",\"url\":\"https:\/\/avto-j.si\/index.php\/odkup-vozil\/\",\"name\":\"Odkup vozil - Avto - J - Jernej Bercko s.p.\",\"isPartOf\":{\"@id\":\"https:\/\/avto-j.si\/#website\"},\"datePublished\":\"2021-05-08T10:10:34+00:00\",\"dateModified\":\"2021-05-08T21:12:16+00:00\",\"description\":\"\u010ce se zanimate za odkup ali menjavo vozila, lahko izpolnite obrazec, preko katerega nam hitro posredujete podatke o va\u0161em vozilu.\",\"breadcrumb\":{\"@id\":\"https:\/\/avto-j.si\/index.php\/odkup-vozil\/#breadcrumb\"},\"inLanguage\":\"sl-SI\",\"potentialAction\":[{\"@type\":\"ReadAction\",\"target\":[\"https:\/\/avto-j.si\/index.php\/odkup-vozil\/\"]}]},{\"@type\":\"BreadcrumbList\",\"@id\":\"https:\/\/avto-j.si\/index.php\/odkup-vozil\/#breadcrumb\",\"itemListElement\":[{\"@type\":\"ListItem\",\"position\":1,\"name\":\"Home\",\"item\":\"https:\/\/avto-j.si\/\"},{\"@type\":\"ListItem\",\"position\":2,\"name\":\"Odkup vozil\"}]},{\"@type\":\"WebSite\",\"@id\":\"https:\/\/avto-j.si\/#website\",\"url\":\"https:\/\/avto-j.si\/\",\"name\":\"Avto - J, Jernej Bercko s.p.\",\"description\":\"Uvoz in prodaja vozil\",\"publisher\":{\"@id\":\"https:\/\/avto-j.si\/#organization\"},\"potentialAction\":[{\"@type\":\"SearchAction\",\"target\":{\"@type\":\"EntryPoint\",\"urlTemplate\":\"https:\/\/avto-j.si\/?s={search_term_string}\"},\"query-input\":{\"@type\":\"PropertyValueSpecification\",\"valueRequired\":true,\"valueName\":\"search_term_string\"}}],\"inLanguage\":\"sl-SI\"},{\"@type\":\"Organization\",\"@id\":\"https:\/\/avto-j.si\/#organization\",\"name\":\"Avto-J, Jernej Bercko s.p.\",\"url\":\"https:\/\/avto-j.si\/\",\"logo\":{\"@type\":\"ImageObject\",\"inLanguage\":\"sl-SI\",\"@id\":\"https:\/\/avto-j.si\/#\/schema\/logo\/image\/\",\"url\":\"https:\/\/avto-j.si\/wp-content\/uploads\/2021\/05\/Logo.png\",\"contentUrl\":\"https:\/\/avto-j.si\/wp-content\/uploads\/2021\/05\/Logo.png\",\"width\":2184,\"height\":742,\"caption\":\"Avto-J, Jernej Bercko s.p.\"},\"image\":{\"@id\":\"https:\/\/avto-j.si\/#\/schema\/logo\/image\/\"}}]}<\/script>\n<!-- \/ Yoast SEO plugin. -->","yoast_head_json":{"title":"Odkup vozil - Avto - J - Jernej Bercko s.p.","description":"\u010ce se zanimate za odkup ali menjavo vozila, lahko izpolnite obrazec, preko katerega nam hitro posredujete podatke o va\u0161em vozilu.","robots":{"index":"index","follow":"follow","max-snippet":"max-snippet:-1","max-image-preview":"max-image-preview:large","max-video-preview":"max-video-preview:-1"},"canonical":"https:\/\/avto-j.si\/index.php\/odkup-vozil\/","og_locale":"sl_SI","og_type":"article","og_title":"Odkup vozil - Avto - J - Jernej Bercko s.p.","og_description":"\u010ce se zanimate za odkup ali menjavo vozila, lahko izpolnite obrazec, preko katerega nam hitro posredujete podatke o va\u0161em vozilu.","og_url":"https:\/\/avto-j.si\/index.php\/odkup-vozil\/","og_site_name":"Avto - J","article_modified_time":"2021-05-08T21:12:16+00:00","twitter_card":"summary_large_image","schema":{"@context":"https:\/\/schema.org","@graph":[{"@type":"WebPage","@id":"https:\/\/avto-j.si\/index.php\/odkup-vozil\/","url":"https:\/\/avto-j.si\/index.php\/odkup-vozil\/","name":"Odkup vozil - Avto - J - Jernej Bercko s.p.","isPartOf":{"@id":"https:\/\/avto-j.si\/#website"},"datePublished":"2021-05-08T10:10:34+00:00","dateModified":"2021-05-08T21:12:16+00:00","description":"\u010ce se zanimate za odkup ali menjavo vozila, lahko izpolnite obrazec, preko katerega nam hitro posredujete podatke o va\u0161em vozilu.","breadcrumb":{"@id":"https:\/\/avto-j.si\/index.php\/odkup-vozil\/#breadcrumb"},"inLanguage":"sl-SI","potentialAction":[{"@type":"ReadAction","target":["https:\/\/avto-j.si\/index.php\/odkup-vozil\/"]}]},{"@type":"BreadcrumbList","@id":"https:\/\/avto-j.si\/index.php\/odkup-vozil\/#breadcrumb","itemListElement":[{"@type":"ListItem","position":1,"name":"Home","item":"https:\/\/avto-j.si\/"},{"@type":"ListItem","position":2,"name":"Odkup vozil"}]},{"@type":"WebSite","@id":"https:\/\/avto-j.si\/#website","url":"https:\/\/avto-j.si\/","name":"Avto - J, Jernej Bercko s.p.","description":"Uvoz in prodaja vozil","publisher":{"@id":"https:\/\/avto-j.si\/#organization"},"potentialAction":[{"@type":"SearchAction","target":{"@type":"EntryPoint","urlTemplate":"https:\/\/avto-j.si\/?s={search_term_string}"},"query-input":{"@type":"PropertyValueSpecification","valueRequired":true,"valueName":"search_term_string"}}],"inLanguage":"sl-SI"},{"@type":"Organization","@id":"https:\/\/avto-j.si\/#organization","name":"Avto-J, Jernej Bercko s.p.","url":"https:\/\/avto-j.si\/","logo":{"@type":"ImageObject","inLanguage":"sl-SI","@id":"https:\/\/avto-j.si\/#\/schema\/logo\/image\/","url":"https:\/\/avto-j.si\/wp-content\/uploads\/2021\/05\/Logo.png","contentUrl":"https:\/\/avto-j.si\/wp-content\/uploads\/2021\/05\/Logo.png","width":2184,"height":742,"caption":"Avto-J, Jernej Bercko s.p."},"image":{"@id":"https:\/\/avto-j.si\/#\/schema\/logo\/image\/"}}]}},"acf":[],"_links":{"self":[{"href":"https:\/\/avto-j.si\/index.php\/wp-json\/wp\/v2\/pages\/95","targetHints":{"allow":["GET"]}}],"collection":[{"href":"https:\/\/avto-j.si\/index.php\/wp-json\/wp\/v2\/pages"}],"about":[{"href":"https:\/\/avto-j.si\/index.php\/wp-json\/wp\/v2\/types\/page"}],"author":[{"embeddable":true,"href":"https:\/\/avto-j.si\/index.php\/wp-json\/wp\/v2\/users\/1"}],"replies":[{"embeddable":true,"href":"https:\/\/avto-j.si\/index.php\/wp-json\/wp\/v2\/comments?post=95"}],"version-history":[{"count":0,"href":"https:\/\/avto-j.si\/index.php\/wp-json\/wp\/v2\/pages\/95\/revisions"}],"wp:attachment":[{"href":"https:\/\/avto-j.si\/index.php\/wp-json\/wp\/v2\/media?parent=95"}],"curies":[{"name":"wp","href":"https:\/\/api.w.org\/{rel}","templated":true}]}}