{"id":48,"date":"2021-05-06T22:21:03","date_gmt":"2021-05-06T20:21:03","guid":{"rendered":"https:\/\/avto-j.si\/?page_id=48"},"modified":"2021-05-08T23:06:42","modified_gmt":"2021-05-08T21:06:42","slug":"financiranje","status":"publish","type":"page","link":"https:\/\/avto-j.si\/index.php\/financiranje\/","title":{"rendered":"Financiranje"},"content":{"rendered":"<div class=\"wpb-content-wrapper\"><p>[vc_row css=&#8221;.vc_custom_1620493204353{margin-bottom: 20px !important;}&#8221;][vc_column][vc_column_text]Omogo\u010damo financiranje vozil preko GB Leasing d.o.o. in Summit Leasing d.o.o. Ve\u010d informacij o financiranjih si lahko preberete s klikom na spodnje povezave do ponudnikov financiranja s katerimi sodelujemo.[\/vc_column_text][\/vc_column][\/vc_row][vc_row][vc_column css=&#8221;.vc_custom_1620493470452{margin-bottom: 20px !important;}&#8221;][vc_single_image image=&#8221;149&#8243; img_size=&#8221;full&#8221;][\/vc_column][\/vc_row][vc_row][vc_column][vc_column_text]<strong>Financiranje osebnih vozil, motorjev, bivalnikov<\/strong><\/p>\n<p>GB Leasing d.o.o. omogo\u010da finan\u010dni leasing za nova in rabljena osebna vozila, motorje in bivalnike, pri \u010demer vsota starosti vozila in doba odpla\u010devanja ne sme presegati 12 let. \u010ce se na primer odlo\u010dite za 5 let staro vozilo, doba financiranja ne more biti dalj\u0161a od 7 let.<\/p>\n<p><strong>Postopek<\/strong><\/p>\n<ol>\n<li>pripravite potrebno dokumentacijo<\/li>\n<li>odobritev finan\u010dnega najema<\/li>\n<li>podpi\u0161emo pogodbo, pla\u010date prvi polog<\/li>\n<li>premi\u010dnino lahko prevzamete<\/li>\n<li>registracija, tehni\u010dni pregled in zavarovanje<\/li>\n<\/ol>\n<p>&nbsp;<\/p>\n<p>Za ve\u010d podrobnosti in prenos dokumentov potrebnih za financiranje preko ponudnika GB Leasing d.o.o. kliknite <a href=\"https:\/\/www.gb-leasing.si\/osebno\/leasing-osebnih-vozil\/\"><strong>TUKAJ<\/strong><\/a>[\/vc_column_text][\/vc_column][\/vc_row][vc_row][vc_column][vc_single_image image=&#8221;153&#8243; img_size=&#8221;full&#8221; css=&#8221;.vc_custom_1620493821779{margin-top: 30px !important;margin-bottom: 20px !important;}&#8221;][\/vc_column][\/vc_row][vc_row][vc_column][vc_column_text]Summit Leasing d.o.o. omogo\u010da financiranje v obliki leasinga ali hitrega kredita. Za ve\u010d podrobnosti in izra\u010dun \u017eelenega financiranja kliknite <a href=\"https:\/\/www.summit-leasing.si\/leasing-za-osebna-vozila\/\"><strong>TUKAJ<\/strong><\/a>.[\/vc_column_text][\/vc_column][\/vc_row]<\/p>\n<\/div>","protected":false},"excerpt":{"rendered":"<p>[vc_row css=&#8221;.vc_custom_1620493204353{margin-bottom: 20px !important;}&#8221;][vc_column][vc_column_text]Omogo\u010damo financiranje vozil preko GB Leasing d.o.o. in Summit Leasing d.o.o. Ve\u010d informacij o financiranjih si lahko preberete s klikom na spodnje povezave do ponudnikov financiranja s katerimi sodelujemo.[\/vc_column_text][\/vc_column][\/vc_row][vc_row][vc_column css=&#8221;.vc_custom_1620493470452{margin-bottom: 20px !important;}&#8221;][vc_single_image image=&#8221;149&#8243; img_size=&#8221;full&#8221;][\/vc_column][\/vc_row][vc_row][vc_column][vc_column_text]Financiranje osebnih vozil, motorjev, bivalnikov GB Leasing d.o.o. omogo\u010da finan\u010dni leasing za nova in rabljena osebna vozila, motorje in [&hellip;]<\/p>\n","protected":false},"author":1,"featured_media":0,"parent":0,"menu_order":0,"comment_status":"closed","ping_status":"closed","template":"","meta":{"_acf_changed":false,"footnotes":""},"class_list":["post-48","page","type-page","status-publish","hentry"],"yoast_head":"<!-- This site is optimized with the Yoast SEO plugin v27.1.1 - https:\/\/yoast.com\/product\/yoast-seo-wordpress\/ -->\n<title>Financiranje - Avto - J<\/title>\n<meta name=\"description\" content=\"Omogo\u010damo financiranje vozil preko GB Leasing d.o.o. in Summit Leasing d.o.o. Uredimo 50% popust na obvezno in kasko zavarovanje.\" \/>\n<meta name=\"robots\" content=\"index, follow, max-snippet:-1, max-image-preview:large, max-video-preview:-1\" \/>\n<link rel=\"canonical\" href=\"https:\/\/avto-j.si\/index.php\/financiranje\/\" \/>\n<meta property=\"og:locale\" content=\"sl_SI\" \/>\n<meta property=\"og:type\" content=\"article\" \/>\n<meta property=\"og:title\" content=\"Financiranje - Avto - J\" \/>\n<meta property=\"og:description\" content=\"Omogo\u010damo financiranje vozil preko GB Leasing d.o.o. in Summit Leasing d.o.o. Uredimo 50% popust na obvezno in kasko zavarovanje.\" \/>\n<meta property=\"og:url\" content=\"https:\/\/avto-j.si\/index.php\/financiranje\/\" \/>\n<meta property=\"og:site_name\" content=\"Avto - J\" \/>\n<meta property=\"article:modified_time\" content=\"2021-05-08T21:06:42+00:00\" \/>\n<meta name=\"twitter:card\" content=\"summary_large_image\" \/>\n<meta name=\"twitter:label1\" content=\"Est. reading time\" \/>\n\t<meta name=\"twitter:data1\" content=\"1 minuta\" \/>\n<script type=\"application\/ld+json\" class=\"yoast-schema-graph\">{\"@context\":\"https:\/\/schema.org\",\"@graph\":[{\"@type\":\"WebPage\",\"@id\":\"https:\/\/avto-j.si\/index.php\/financiranje\/\",\"url\":\"https:\/\/avto-j.si\/index.php\/financiranje\/\",\"name\":\"Financiranje - Avto - J\",\"isPartOf\":{\"@id\":\"https:\/\/avto-j.si\/#website\"},\"datePublished\":\"2021-05-06T20:21:03+00:00\",\"dateModified\":\"2021-05-08T21:06:42+00:00\",\"description\":\"Omogo\u010damo financiranje vozil preko GB Leasing d.o.o. in Summit Leasing d.o.o. Uredimo 50% popust na obvezno in kasko zavarovanje.\",\"breadcrumb\":{\"@id\":\"https:\/\/avto-j.si\/index.php\/financiranje\/#breadcrumb\"},\"inLanguage\":\"sl-SI\",\"potentialAction\":[{\"@type\":\"ReadAction\",\"target\":[\"https:\/\/avto-j.si\/index.php\/financiranje\/\"]}]},{\"@type\":\"BreadcrumbList\",\"@id\":\"https:\/\/avto-j.si\/index.php\/financiranje\/#breadcrumb\",\"itemListElement\":[{\"@type\":\"ListItem\",\"position\":1,\"name\":\"Home\",\"item\":\"https:\/\/avto-j.si\/\"},{\"@type\":\"ListItem\",\"position\":2,\"name\":\"Financiranje\"}]},{\"@type\":\"WebSite\",\"@id\":\"https:\/\/avto-j.si\/#website\",\"url\":\"https:\/\/avto-j.si\/\",\"name\":\"Avto - J, Jernej Bercko s.p.\",\"description\":\"Uvoz in prodaja vozil\",\"publisher\":{\"@id\":\"https:\/\/avto-j.si\/#organization\"},\"potentialAction\":[{\"@type\":\"SearchAction\",\"target\":{\"@type\":\"EntryPoint\",\"urlTemplate\":\"https:\/\/avto-j.si\/?s={search_term_string}\"},\"query-input\":{\"@type\":\"PropertyValueSpecification\",\"valueRequired\":true,\"valueName\":\"search_term_string\"}}],\"inLanguage\":\"sl-SI\"},{\"@type\":\"Organization\",\"@id\":\"https:\/\/avto-j.si\/#organization\",\"name\":\"Avto-J, Jernej Bercko s.p.\",\"url\":\"https:\/\/avto-j.si\/\",\"logo\":{\"@type\":\"ImageObject\",\"inLanguage\":\"sl-SI\",\"@id\":\"https:\/\/avto-j.si\/#\/schema\/logo\/image\/\",\"url\":\"https:\/\/avto-j.si\/wp-content\/uploads\/2021\/05\/Logo.png\",\"contentUrl\":\"https:\/\/avto-j.si\/wp-content\/uploads\/2021\/05\/Logo.png\",\"width\":2184,\"height\":742,\"caption\":\"Avto-J, Jernej Bercko s.p.\"},\"image\":{\"@id\":\"https:\/\/avto-j.si\/#\/schema\/logo\/image\/\"}}]}<\/script>\n<!-- \/ Yoast SEO plugin. -->","yoast_head_json":{"title":"Financiranje - Avto - J","description":"Omogo\u010damo financiranje vozil preko GB Leasing d.o.o. in Summit Leasing d.o.o. Uredimo 50% popust na obvezno in kasko zavarovanje.","robots":{"index":"index","follow":"follow","max-snippet":"max-snippet:-1","max-image-preview":"max-image-preview:large","max-video-preview":"max-video-preview:-1"},"canonical":"https:\/\/avto-j.si\/index.php\/financiranje\/","og_locale":"sl_SI","og_type":"article","og_title":"Financiranje - Avto - J","og_description":"Omogo\u010damo financiranje vozil preko GB Leasing d.o.o. in Summit Leasing d.o.o. Uredimo 50% popust na obvezno in kasko zavarovanje.","og_url":"https:\/\/avto-j.si\/index.php\/financiranje\/","og_site_name":"Avto - J","article_modified_time":"2021-05-08T21:06:42+00:00","twitter_card":"summary_large_image","twitter_misc":{"Est. reading time":"1 minuta"},"schema":{"@context":"https:\/\/schema.org","@graph":[{"@type":"WebPage","@id":"https:\/\/avto-j.si\/index.php\/financiranje\/","url":"https:\/\/avto-j.si\/index.php\/financiranje\/","name":"Financiranje - Avto - J","isPartOf":{"@id":"https:\/\/avto-j.si\/#website"},"datePublished":"2021-05-06T20:21:03+00:00","dateModified":"2021-05-08T21:06:42+00:00","description":"Omogo\u010damo financiranje vozil preko GB Leasing d.o.o. in Summit Leasing d.o.o. Uredimo 50% popust na obvezno in kasko zavarovanje.","breadcrumb":{"@id":"https:\/\/avto-j.si\/index.php\/financiranje\/#breadcrumb"},"inLanguage":"sl-SI","potentialAction":[{"@type":"ReadAction","target":["https:\/\/avto-j.si\/index.php\/financiranje\/"]}]},{"@type":"BreadcrumbList","@id":"https:\/\/avto-j.si\/index.php\/financiranje\/#breadcrumb","itemListElement":[{"@type":"ListItem","position":1,"name":"Home","item":"https:\/\/avto-j.si\/"},{"@type":"ListItem","position":2,"name":"Financiranje"}]},{"@type":"WebSite","@id":"https:\/\/avto-j.si\/#website","url":"https:\/\/avto-j.si\/","name":"Avto - J, Jernej Bercko s.p.","description":"Uvoz in prodaja vozil","publisher":{"@id":"https:\/\/avto-j.si\/#organization"},"potentialAction":[{"@type":"SearchAction","target":{"@type":"EntryPoint","urlTemplate":"https:\/\/avto-j.si\/?s={search_term_string}"},"query-input":{"@type":"PropertyValueSpecification","valueRequired":true,"valueName":"search_term_string"}}],"inLanguage":"sl-SI"},{"@type":"Organization","@id":"https:\/\/avto-j.si\/#organization","name":"Avto-J, Jernej Bercko s.p.","url":"https:\/\/avto-j.si\/","logo":{"@type":"ImageObject","inLanguage":"sl-SI","@id":"https:\/\/avto-j.si\/#\/schema\/logo\/image\/","url":"https:\/\/avto-j.si\/wp-content\/uploads\/2021\/05\/Logo.png","contentUrl":"https:\/\/avto-j.si\/wp-content\/uploads\/2021\/05\/Logo.png","width":2184,"height":742,"caption":"Avto-J, Jernej Bercko s.p."},"image":{"@id":"https:\/\/avto-j.si\/#\/schema\/logo\/image\/"}}]}},"acf":[],"_links":{"self":[{"href":"https:\/\/avto-j.si\/index.php\/wp-json\/wp\/v2\/pages\/48","targetHints":{"allow":["GET"]}}],"collection":[{"href":"https:\/\/avto-j.si\/index.php\/wp-json\/wp\/v2\/pages"}],"about":[{"href":"https:\/\/avto-j.si\/index.php\/wp-json\/wp\/v2\/types\/page"}],"author":[{"embeddable":true,"href":"https:\/\/avto-j.si\/index.php\/wp-json\/wp\/v2\/users\/1"}],"replies":[{"embeddable":true,"href":"https:\/\/avto-j.si\/index.php\/wp-json\/wp\/v2\/comments?post=48"}],"version-history":[{"count":0,"href":"https:\/\/avto-j.si\/index.php\/wp-json\/wp\/v2\/pages\/48\/revisions"}],"wp:attachment":[{"href":"https:\/\/avto-j.si\/index.php\/wp-json\/wp\/v2\/media?parent=48"}],"curies":[{"name":"wp","href":"https:\/\/api.w.org\/{rel}","templated":true}]}}