{"id":144,"date":"2021-05-08T18:39:15","date_gmt":"2021-05-08T16:39:15","guid":{"rendered":"https:\/\/avto-j.si\/?page_id=144"},"modified":"2021-05-08T23:16:18","modified_gmt":"2021-05-08T21:16:18","slug":"splosni-pogoji-uporabe","status":"publish","type":"page","link":"https:\/\/avto-j.si\/index.php\/splosni-pogoji-uporabe\/","title":{"rendered":"Splo\u0161ni pogoji uporabe"},"content":{"rendered":"<div class=\"wpb-content-wrapper\"><p>[vc_row][vc_column][vc_column_text]<\/p>\n<ol>\n<li><strong>SPLO\u0160NE DOLO\u010cBE<\/strong><\/li>\n<\/ol>\n<p>Ponudnik spletne strani www.AVTO-J.si je podjetje <strong>AVTO-J, JERNEJ BERCKO s.p.<\/strong> (v nadaljevanju: ponudnik).<\/p>\n<p>Naziv podjetja: AVTO-J, JERNEJ BERCKO s.p.<\/p>\n<p>Naslov: Kidri\u010deva ulica 38, 3250 Roga\u0161ka Slatina<\/p>\n<p>Mati\u010dna \u0161tevilka: 8484805000<\/p>\n<p>Dav\u010dna \u0161tevilka: SI41364813<\/p>\n<p>&nbsp;<\/p>\n<p>Uporabo spletne strani (brskanje, odpiranje povezav, branje vsebine in podobno) \u0161tejemo kot soglasje obiskovalca spletne strani, da se strinja s temi splo\u0161nimi pogoji uporabe. V kolikor se kot obiskovalec spletne strani ne strinjate s temi splo\u0161nimi pogoji vas prosimo, da spletne strani ne uporabljate.<\/p>\n<p>Ponudnik si pridru\u017euje pravico, da te splo\u0161ne pogoje kadarkoli in brez predhodne najave spremeni, tako da novo razli\u010dico objavi na spletni strani.<\/p>\n<p>Ti splo\u0161ni pogoji veljajo za celotno spletno stran in vse njene posamezne dele, kot so razdelki, izdelki, podstrani ali obrazci, v kolikor za posamezen del izrecno ni dolo\u010deno druga\u010de.<\/p>\n<p>&nbsp;<\/p>\n<p><strong>2. VSEBINE NA SPLETNI STRANI<\/strong><\/p>\n<p>Obvestila, prispevki, \u010dlanki, izdelki, besedila in druge vsebine objavljene na spletni strani (v nadaljevanju: vsebine) so nastale z najbolj\u0161im namenom podati obiskovalcem spletne strani (v nadaljevanju: uporabniki) koristne in uporabne vsebine za njihovo delo. Ponudnik sku\u0161a po svojih najbolj\u0161ih mo\u010deh z vzdr\u017eevanjem spletne strani zagotavljati to\u010dnost in pravilnost teh informacij in vsebin ter pravilno delovanje obrazcev.<\/p>\n<p>Ponudnik na spletni strani objavlja predvsem informacije o svojih storitvah in izdelkih ter informacije o svojih dejavnostih. Ponudnik na spletni strani objavlja le informacije, ki so v (neposredni ali posredni) povezavi z uporabniki.<\/p>\n<p>V primeru, da se na spletni strani objavi informacija, ki je pridobljena iz drugih virov, se ob njej navede vir oziroma se na to opozori s spletno povezavo do vira.<\/p>\n<p>Ponudnik si pridr\u017euje pravico do spreminjanja, dodajanja ali odstranitve vsebin ali obrazcev na spletni strani brez predhodnega opozorila in ne prevzema odgovornosti za kakr\u0161ne koli posledice tak\u0161nih sprememb.<\/p>\n<p>Na spletni strani so ob\u010dasno objavljene tudi povezave, ki ka\u017eejo na spletne strani drugih oseb. Na delovanje teh strani in na njihovo vsebino ponudnik ne more vplivati in ne sprejema nikakr\u0161ne odgovornosti za to\u010dnost tam objavljenih informacij in vsebin.<\/p>\n<p>Pravila glede omejitve odgovornosti pri uporabi vsebin na spletni strani se nahajajo v to\u010dki 3 teh splo\u0161nih pogojev.<\/p>\n<p>&nbsp;<\/p>\n<p><strong>3. IZKLJU\u010cITEV ODGOVORNOSTI PRI UPORABI SPLETNE STRANI<\/strong><\/p>\n<p>Obiskovalci spletne strani uporabljajo spletno stran, njene dele, vsebine in informacije izklju\u010dno na lastno odgovornost.<\/p>\n<p>Ponudnik spletne strani ne prevzema nikakr\u0161ne odgovornosti v primeru, \u010de se spregleda kak\u0161no pomembno informacijo ali drugo vsebino, objavljeno na svetovnem spletu ali posredovano ponudniku v objavo.<\/p>\n<p>Ponudnik ne prevzema nikakr\u0161ne odgovornosti za to\u010dnost in pravilnost, na spletni strani objavljenih informacij in vsebin, ne prevzema odgovornosti zaradi spremembe \u017ee objavljenih informacij ali vsebin in ne prevzema odgovornosti za morebitno nastalo \u0161kodo, ki bi obiskovalcu spletne strani nastala zaradi uporabe tam objavljenih informacij ali vsebin, vklju\u010dno s \u0161kodo zaradi izgubljenega prihodka ali pri\u010dakovanega dobi\u010dka, izgube ali okrnitve dobrega imena, izgube poslov ali izgube podatkov.<\/p>\n<p>&nbsp;<\/p>\n<p><strong>4. PRAVILNIK O ZASEBNOSTI<\/strong><\/p>\n<p>Ponudnik varuje osebne podatke obiskovalcev spletne strani, ki mu jih ti posredujejo, pri njeni uporabi. Osebne podatke se obdeluje izklju\u010dno za namene, za katere so zbrani in ki jih dovoljuje veljavna zakonodaja.<\/p>\n<p>Ponudnik ne bo osebnih podatkov, vklju\u010dno s kontaktnimi informacijami, uporabljal za nobene druge namene ter jih brez izrecnega vnaprej\u0161njega dovoljenja posameznika, na katerega se osebni podatki nana\u0161ajo, posredoval tretjim osebam, razen \u010de bi bil k temu zavezan na podlagi predpisov.<\/p>\n<p>Ob obisku spletne strani se nekateri podatki (npr. datum, \u010das, naslov strani, s katere prihajate) shranijo na stre\u017enik. Ti podatki so anonimni in se uporabljajo zgolj za statisti\u010dne obdelave.<\/p>\n<p>Ponudnik izvaja potrebne organizacijske, tehni\u010dne in logi\u010dno-tehni\u010dne postopke in ukrepe, s katerimi se varujejo osebni podatki, prepre\u010duje slu\u010dajno ali namerno nepoobla\u0161\u010deno uni\u010devanje podatkov, njihovo spremembo ali izgubo ter nepoobla\u0161\u010deno obdelavo.<\/p>\n<p>Ponudnik se zavezuje, da bo varoval vse zasebne podatke uporabnika v skladu z dolo\u010dili Zakona o varstvu osebnih podatkov (ZVOP-1) in Splo\u0161no uredbo EU o varstvu podatkov. Vsi osebni podatki uporabnika spletne strani so zaupni in ne bodo v nobenem primeru posredovani nepoobla\u0161\u010denim osebam.<\/p>\n<p>Ve\u010dino strani na spletni strani se lahko obi\u0161\u010de, ne da bi morali razkriti svoje osebne podatke, na primer ime, naslov in e-po\u0161tni naslov. Kljub temu pa se nekatere informacije pridobivajo samodejno z uporabo pi\u0161kotkov in spletnih signalov (\u00bbpixel tags\u00ab), standardnih orodij v spletni industriji. Uporaba pi\u0161kotkov in spletnih signalov omogo\u010da prepoznati posameznem IP-naslov, vrsto brskalnika, ki ga obiskovalec spletne strani uporablja, in splo\u0161no aktivnost obiskovalca na spletu.<\/p>\n<p>&nbsp;<\/p>\n<p><strong>5. AVTORSKE PRAVICE<\/strong><\/p>\n<p>Vsebine, grafi\u010dni in drugi elementi na spletni strani so avtorsko za\u0161\u010ditene in last upravljavca spletne strani, razen tistih, ki so druga\u010de ozna\u010dene v teh splo\u0161nih pogojih ali neposredno ob vsebini oz. elementu.<\/p>\n<ul>\n<li>Slike v sliderju na doma\u010di strani: Pixabay (free stock photos)<\/li>\n<li>Slike na podstrani &#8220;FINANCIRANJE&#8221; (Logotipi so last podjetij GB Leasing d.o.o. in Summit Leasing d.o.o.)<\/li>\n<\/ul>\n<p>&nbsp;<\/p>\n<p><strong>6. KONTAKTNI PODATKI<\/strong><\/p>\n<p>V kolikor ste odkrili napako, neto\u010dnost, nea\u017eurnost ali drugo pomanjkljivost na spletni strani nam to prosim sporo\u010dite na <a href=\"mailto:info@avto-j.si\">info@avto-j.si<\/a>. Na isti naslov nam lahko sporo\u010dite tudi va\u0161e zahteve za umik va\u0161ih osebnih podatkov iz spletne strani.<\/p>\n<p>Vsak posameznik lahko od ponudnika zahteva, da umakne na spletni strani objavljene njegove osebne podatke, kar zajema tudi slikovni ali video posnetek, na katerem se posameznik pojavi. Ponudnik bo v tem primeru osebne podatke nemudoma umaknil iz spletne strani.<\/p>\n<p>&nbsp;<\/p>\n<p>&nbsp;<\/p>\n<p>V Roga\u0161ki Slatini, dne 8.5.2021[\/vc_column_text][\/vc_column][\/vc_row]<\/p>\n<\/div>","protected":false},"excerpt":{"rendered":"<p>[vc_row][vc_column][vc_column_text] SPLO\u0160NE DOLO\u010cBE Ponudnik spletne strani www.AVTO-J.si je podjetje AVTO-J, JERNEJ BERCKO s.p. (v nadaljevanju: ponudnik). Naziv podjetja: AVTO-J, JERNEJ BERCKO s.p. Naslov: Kidri\u010deva ulica 38, 3250 Roga\u0161ka Slatina Mati\u010dna \u0161tevilka: 8484805000 Dav\u010dna \u0161tevilka: SI41364813 &nbsp; Uporabo spletne strani (brskanje, odpiranje povezav, branje vsebine in podobno) \u0161tejemo kot soglasje obiskovalca spletne strani, da se strinja [&hellip;]<\/p>\n","protected":false},"author":1,"featured_media":0,"parent":0,"menu_order":0,"comment_status":"closed","ping_status":"closed","template":"","meta":{"_acf_changed":false,"footnotes":""},"class_list":["post-144","page","type-page","status-publish","hentry"],"yoast_head":"<!-- This site is optimized with the Yoast SEO plugin v27.1.1 - https:\/\/yoast.com\/product\/yoast-seo-wordpress\/ -->\n<title>Splo\u0161ni pogoji uporabe - Avto - J - Jernej Bercko s.p<\/title>\n<meta name=\"description\" content=\"Svetujemo in pomagamo vam izbrati vozilo glede na va\u0161e potrebe in zmo\u017enosti. Va\u0161e staro vozilo vzamemo kot polog, mo\u017ena je tudi menjava.\" \/>\n<meta name=\"robots\" content=\"index, follow, max-snippet:-1, max-image-preview:large, max-video-preview:-1\" \/>\n<link rel=\"canonical\" href=\"https:\/\/avto-j.si\/index.php\/splosni-pogoji-uporabe\/\" \/>\n<meta property=\"og:locale\" content=\"sl_SI\" \/>\n<meta property=\"og:type\" content=\"article\" \/>\n<meta property=\"og:title\" content=\"Splo\u0161ni pogoji uporabe - Avto - J - Jernej Bercko s.p\" \/>\n<meta property=\"og:description\" content=\"Svetujemo in pomagamo vam izbrati vozilo glede na va\u0161e potrebe in zmo\u017enosti. Va\u0161e staro vozilo vzamemo kot polog, mo\u017ena je tudi menjava.\" \/>\n<meta property=\"og:url\" content=\"https:\/\/avto-j.si\/index.php\/splosni-pogoji-uporabe\/\" \/>\n<meta property=\"og:site_name\" content=\"Avto - J\" \/>\n<meta property=\"article:modified_time\" content=\"2021-05-08T21:16:18+00:00\" \/>\n<meta name=\"twitter:card\" content=\"summary_large_image\" \/>\n<meta name=\"twitter:label1\" content=\"Est. reading time\" \/>\n\t<meta name=\"twitter:data1\" content=\"5 minut\" \/>\n<script type=\"application\/ld+json\" class=\"yoast-schema-graph\">{\"@context\":\"https:\/\/schema.org\",\"@graph\":[{\"@type\":\"WebPage\",\"@id\":\"https:\/\/avto-j.si\/index.php\/splosni-pogoji-uporabe\/\",\"url\":\"https:\/\/avto-j.si\/index.php\/splosni-pogoji-uporabe\/\",\"name\":\"Splo\u0161ni pogoji uporabe - Avto - J - Jernej Bercko s.p\",\"isPartOf\":{\"@id\":\"https:\/\/avto-j.si\/#website\"},\"datePublished\":\"2021-05-08T16:39:15+00:00\",\"dateModified\":\"2021-05-08T21:16:18+00:00\",\"description\":\"Svetujemo in pomagamo vam izbrati vozilo glede na va\u0161e potrebe in zmo\u017enosti. Va\u0161e staro vozilo vzamemo kot polog, mo\u017ena je tudi menjava.\",\"breadcrumb\":{\"@id\":\"https:\/\/avto-j.si\/index.php\/splosni-pogoji-uporabe\/#breadcrumb\"},\"inLanguage\":\"sl-SI\",\"potentialAction\":[{\"@type\":\"ReadAction\",\"target\":[\"https:\/\/avto-j.si\/index.php\/splosni-pogoji-uporabe\/\"]}]},{\"@type\":\"BreadcrumbList\",\"@id\":\"https:\/\/avto-j.si\/index.php\/splosni-pogoji-uporabe\/#breadcrumb\",\"itemListElement\":[{\"@type\":\"ListItem\",\"position\":1,\"name\":\"Home\",\"item\":\"https:\/\/avto-j.si\/\"},{\"@type\":\"ListItem\",\"position\":2,\"name\":\"Splo\u0161ni pogoji uporabe\"}]},{\"@type\":\"WebSite\",\"@id\":\"https:\/\/avto-j.si\/#website\",\"url\":\"https:\/\/avto-j.si\/\",\"name\":\"Avto - J, Jernej Bercko s.p.\",\"description\":\"Uvoz in prodaja vozil\",\"publisher\":{\"@id\":\"https:\/\/avto-j.si\/#organization\"},\"potentialAction\":[{\"@type\":\"SearchAction\",\"target\":{\"@type\":\"EntryPoint\",\"urlTemplate\":\"https:\/\/avto-j.si\/?s={search_term_string}\"},\"query-input\":{\"@type\":\"PropertyValueSpecification\",\"valueRequired\":true,\"valueName\":\"search_term_string\"}}],\"inLanguage\":\"sl-SI\"},{\"@type\":\"Organization\",\"@id\":\"https:\/\/avto-j.si\/#organization\",\"name\":\"Avto-J, Jernej Bercko s.p.\",\"url\":\"https:\/\/avto-j.si\/\",\"logo\":{\"@type\":\"ImageObject\",\"inLanguage\":\"sl-SI\",\"@id\":\"https:\/\/avto-j.si\/#\/schema\/logo\/image\/\",\"url\":\"https:\/\/avto-j.si\/wp-content\/uploads\/2021\/05\/Logo.png\",\"contentUrl\":\"https:\/\/avto-j.si\/wp-content\/uploads\/2021\/05\/Logo.png\",\"width\":2184,\"height\":742,\"caption\":\"Avto-J, Jernej Bercko s.p.\"},\"image\":{\"@id\":\"https:\/\/avto-j.si\/#\/schema\/logo\/image\/\"}}]}<\/script>\n<!-- \/ Yoast SEO plugin. -->","yoast_head_json":{"title":"Splo\u0161ni pogoji uporabe - Avto - J - Jernej Bercko s.p","description":"Svetujemo in pomagamo vam izbrati vozilo glede na va\u0161e potrebe in zmo\u017enosti. Va\u0161e staro vozilo vzamemo kot polog, mo\u017ena je tudi menjava.","robots":{"index":"index","follow":"follow","max-snippet":"max-snippet:-1","max-image-preview":"max-image-preview:large","max-video-preview":"max-video-preview:-1"},"canonical":"https:\/\/avto-j.si\/index.php\/splosni-pogoji-uporabe\/","og_locale":"sl_SI","og_type":"article","og_title":"Splo\u0161ni pogoji uporabe - Avto - J - Jernej Bercko s.p","og_description":"Svetujemo in pomagamo vam izbrati vozilo glede na va\u0161e potrebe in zmo\u017enosti. Va\u0161e staro vozilo vzamemo kot polog, mo\u017ena je tudi menjava.","og_url":"https:\/\/avto-j.si\/index.php\/splosni-pogoji-uporabe\/","og_site_name":"Avto - J","article_modified_time":"2021-05-08T21:16:18+00:00","twitter_card":"summary_large_image","twitter_misc":{"Est. reading time":"5 minut"},"schema":{"@context":"https:\/\/schema.org","@graph":[{"@type":"WebPage","@id":"https:\/\/avto-j.si\/index.php\/splosni-pogoji-uporabe\/","url":"https:\/\/avto-j.si\/index.php\/splosni-pogoji-uporabe\/","name":"Splo\u0161ni pogoji uporabe - Avto - J - Jernej Bercko s.p","isPartOf":{"@id":"https:\/\/avto-j.si\/#website"},"datePublished":"2021-05-08T16:39:15+00:00","dateModified":"2021-05-08T21:16:18+00:00","description":"Svetujemo in pomagamo vam izbrati vozilo glede na va\u0161e potrebe in zmo\u017enosti. Va\u0161e staro vozilo vzamemo kot polog, mo\u017ena je tudi menjava.","breadcrumb":{"@id":"https:\/\/avto-j.si\/index.php\/splosni-pogoji-uporabe\/#breadcrumb"},"inLanguage":"sl-SI","potentialAction":[{"@type":"ReadAction","target":["https:\/\/avto-j.si\/index.php\/splosni-pogoji-uporabe\/"]}]},{"@type":"BreadcrumbList","@id":"https:\/\/avto-j.si\/index.php\/splosni-pogoji-uporabe\/#breadcrumb","itemListElement":[{"@type":"ListItem","position":1,"name":"Home","item":"https:\/\/avto-j.si\/"},{"@type":"ListItem","position":2,"name":"Splo\u0161ni pogoji uporabe"}]},{"@type":"WebSite","@id":"https:\/\/avto-j.si\/#website","url":"https:\/\/avto-j.si\/","name":"Avto - J, Jernej Bercko s.p.","description":"Uvoz in prodaja vozil","publisher":{"@id":"https:\/\/avto-j.si\/#organization"},"potentialAction":[{"@type":"SearchAction","target":{"@type":"EntryPoint","urlTemplate":"https:\/\/avto-j.si\/?s={search_term_string}"},"query-input":{"@type":"PropertyValueSpecification","valueRequired":true,"valueName":"search_term_string"}}],"inLanguage":"sl-SI"},{"@type":"Organization","@id":"https:\/\/avto-j.si\/#organization","name":"Avto-J, Jernej Bercko s.p.","url":"https:\/\/avto-j.si\/","logo":{"@type":"ImageObject","inLanguage":"sl-SI","@id":"https:\/\/avto-j.si\/#\/schema\/logo\/image\/","url":"https:\/\/avto-j.si\/wp-content\/uploads\/2021\/05\/Logo.png","contentUrl":"https:\/\/avto-j.si\/wp-content\/uploads\/2021\/05\/Logo.png","width":2184,"height":742,"caption":"Avto-J, Jernej Bercko s.p."},"image":{"@id":"https:\/\/avto-j.si\/#\/schema\/logo\/image\/"}}]}},"acf":[],"_links":{"self":[{"href":"https:\/\/avto-j.si\/index.php\/wp-json\/wp\/v2\/pages\/144","targetHints":{"allow":["GET"]}}],"collection":[{"href":"https:\/\/avto-j.si\/index.php\/wp-json\/wp\/v2\/pages"}],"about":[{"href":"https:\/\/avto-j.si\/index.php\/wp-json\/wp\/v2\/types\/page"}],"author":[{"embeddable":true,"href":"https:\/\/avto-j.si\/index.php\/wp-json\/wp\/v2\/users\/1"}],"replies":[{"embeddable":true,"href":"https:\/\/avto-j.si\/index.php\/wp-json\/wp\/v2\/comments?post=144"}],"version-history":[{"count":0,"href":"https:\/\/avto-j.si\/index.php\/wp-json\/wp\/v2\/pages\/144\/revisions"}],"wp:attachment":[{"href":"https:\/\/avto-j.si\/index.php\/wp-json\/wp\/v2\/media?parent=144"}],"curies":[{"name":"wp","href":"https:\/\/api.w.org\/{rel}","templated":true}]}}