{"id":14,"date":"2021-05-06T09:25:19","date_gmt":"2021-05-06T07:25:19","guid":{"rendered":"https:\/\/avto-j.si\/?page_id=14"},"modified":"2021-05-08T23:13:57","modified_gmt":"2021-05-08T21:13:57","slug":"zaloga-vozil","status":"publish","type":"page","link":"https:\/\/avto-j.si\/index.php\/zaloga-vozil\/","title":{"rendered":"Zaloga vozil"},"content":{"rendered":"<div class=\"wpb-content-wrapper\"><p>[vc_row][vc_column][vc_column_text]<iframe loading=\"lazy\" src=\"https:\/\/www.avto.net\/Ads\/results.asp?znamka=&amp;model=&amp;modelID=&amp;tip=&amp;znamka2=&amp;model2=&amp;tip2=&amp;znamka3=&amp;model3=&amp;tip3=&amp;cenaMin=0&amp;cenaMax=999999&amp;letnikMin=0&amp;letnikMax=2090&amp;bencin=0&amp;starost2=999&amp;oblika=0&amp;ccmMin=0&amp;ccmMax=99999&amp;mocMin=&amp;mocMax=&amp;kmMin=0&amp;kmMax=9999999&amp;kwMin=0&amp;kwMax=999999&amp;motortakt=0&amp;motorvalji=0&amp;lokacija=0&amp;sirina=0&amp;dolzina=&amp;dolzinaMIN=0&amp;dolzinaMAX=100&amp;nosilnostMIN=0&amp;nosilnostMAX=999999&amp;lezisc=&amp;presek=0&amp;premer=0&amp;col=0&amp;vijakov=0&amp;EToznaka=0&amp;vozilo=&amp;airbag=&amp;barva=&amp;barvaint=&amp;EQ1=1000000000&amp;EQ2=1000000000&amp;EQ3=1000000000&amp;EQ4=100000000&amp;EQ5=1000000000&amp;EQ6=1000001000&amp;EQ7=1110100122&amp;EQ8=1010000001&amp;EQ9=100000000&amp;KAT=1010000000&amp;PIA=&amp;PIAzero=&amp;PSLO=&amp;akcija=0&amp;paketgarancije=&amp;broker=16707&amp;prikazkategorije=0&amp;kategorija=0&amp;ONLvid=0&amp;ONLnak=0&amp;zaloga=10&amp;arhiv=0&amp;presort=&amp;tipsort=&amp;stran=\" width=\"100%\" height=\"900\"><\/iframe>[\/vc_column_text][vc_column_text]<\/p>\n<p style=\"text-align: center;\">Zaloga vozil je prikazana direktno iz <a href=\"http:\/\/avto.net\">Avto.net<\/a>.<\/p>\n<p>[\/vc_column_text][\/vc_column][\/vc_row]<\/p>\n<\/div>","protected":false},"excerpt":{"rendered":"<p>[vc_row][vc_column][vc_column_text][\/vc_column_text][vc_column_text] Zaloga vozil je prikazana direktno iz Avto.net. [\/vc_column_text][\/vc_column][\/vc_row]<\/p>\n","protected":false},"author":1,"featured_media":0,"parent":0,"menu_order":0,"comment_status":"closed","ping_status":"closed","template":"","meta":{"_acf_changed":false,"footnotes":""},"class_list":["post-14","page","type-page","status-publish","hentry"],"yoast_head":"<!-- This site is optimized with the Yoast SEO plugin v27.1.1 - https:\/\/yoast.com\/product\/yoast-seo-wordpress\/ -->\n<title>Zaloga vozil - Avto - J - Jernej Bercko s.p.<\/title>\n<meta name=\"description\" content=\"Svetujemo in pomagamo vam izbrati vozilo glede na va\u0161e potrebe in zmo\u017enosti. Ob nakupu nudimo 12 mese\u010dno jamstvo.\" \/>\n<meta name=\"robots\" content=\"index, follow, max-snippet:-1, max-image-preview:large, max-video-preview:-1\" \/>\n<link rel=\"canonical\" href=\"https:\/\/avto-j.si\/index.php\/zaloga-vozil\/\" \/>\n<meta property=\"og:locale\" content=\"sl_SI\" \/>\n<meta property=\"og:type\" content=\"article\" \/>\n<meta property=\"og:title\" content=\"Zaloga vozil - Avto - J - Jernej Bercko s.p.\" \/>\n<meta property=\"og:description\" content=\"Svetujemo in pomagamo vam izbrati vozilo glede na va\u0161e potrebe in zmo\u017enosti. Ob nakupu nudimo 12 mese\u010dno jamstvo.\" \/>\n<meta property=\"og:url\" content=\"https:\/\/avto-j.si\/index.php\/zaloga-vozil\/\" \/>\n<meta property=\"og:site_name\" content=\"Avto - J\" \/>\n<meta property=\"article:modified_time\" content=\"2021-05-08T21:13:57+00:00\" \/>\n<meta name=\"twitter:card\" content=\"summary_large_image\" \/>\n<script type=\"application\/ld+json\" class=\"yoast-schema-graph\">{\"@context\":\"https:\/\/schema.org\",\"@graph\":[{\"@type\":\"WebPage\",\"@id\":\"https:\/\/avto-j.si\/index.php\/zaloga-vozil\/\",\"url\":\"https:\/\/avto-j.si\/index.php\/zaloga-vozil\/\",\"name\":\"Zaloga vozil - Avto - J - Jernej Bercko s.p.\",\"isPartOf\":{\"@id\":\"https:\/\/avto-j.si\/#website\"},\"datePublished\":\"2021-05-06T07:25:19+00:00\",\"dateModified\":\"2021-05-08T21:13:57+00:00\",\"description\":\"Svetujemo in pomagamo vam izbrati vozilo glede na va\u0161e potrebe in zmo\u017enosti. Ob nakupu nudimo 12 mese\u010dno jamstvo.\",\"breadcrumb\":{\"@id\":\"https:\/\/avto-j.si\/index.php\/zaloga-vozil\/#breadcrumb\"},\"inLanguage\":\"sl-SI\",\"potentialAction\":[{\"@type\":\"ReadAction\",\"target\":[\"https:\/\/avto-j.si\/index.php\/zaloga-vozil\/\"]}]},{\"@type\":\"BreadcrumbList\",\"@id\":\"https:\/\/avto-j.si\/index.php\/zaloga-vozil\/#breadcrumb\",\"itemListElement\":[{\"@type\":\"ListItem\",\"position\":1,\"name\":\"Home\",\"item\":\"https:\/\/avto-j.si\/\"},{\"@type\":\"ListItem\",\"position\":2,\"name\":\"Zaloga vozil\"}]},{\"@type\":\"WebSite\",\"@id\":\"https:\/\/avto-j.si\/#website\",\"url\":\"https:\/\/avto-j.si\/\",\"name\":\"Avto - J, Jernej Bercko s.p.\",\"description\":\"Uvoz in prodaja vozil\",\"publisher\":{\"@id\":\"https:\/\/avto-j.si\/#organization\"},\"potentialAction\":[{\"@type\":\"SearchAction\",\"target\":{\"@type\":\"EntryPoint\",\"urlTemplate\":\"https:\/\/avto-j.si\/?s={search_term_string}\"},\"query-input\":{\"@type\":\"PropertyValueSpecification\",\"valueRequired\":true,\"valueName\":\"search_term_string\"}}],\"inLanguage\":\"sl-SI\"},{\"@type\":\"Organization\",\"@id\":\"https:\/\/avto-j.si\/#organization\",\"name\":\"Avto-J, Jernej Bercko s.p.\",\"url\":\"https:\/\/avto-j.si\/\",\"logo\":{\"@type\":\"ImageObject\",\"inLanguage\":\"sl-SI\",\"@id\":\"https:\/\/avto-j.si\/#\/schema\/logo\/image\/\",\"url\":\"https:\/\/avto-j.si\/wp-content\/uploads\/2021\/05\/Logo.png\",\"contentUrl\":\"https:\/\/avto-j.si\/wp-content\/uploads\/2021\/05\/Logo.png\",\"width\":2184,\"height\":742,\"caption\":\"Avto-J, Jernej Bercko s.p.\"},\"image\":{\"@id\":\"https:\/\/avto-j.si\/#\/schema\/logo\/image\/\"}}]}<\/script>\n<!-- \/ Yoast SEO plugin. -->","yoast_head_json":{"title":"Zaloga vozil - Avto - J - Jernej Bercko s.p.","description":"Svetujemo in pomagamo vam izbrati vozilo glede na va\u0161e potrebe in zmo\u017enosti. Ob nakupu nudimo 12 mese\u010dno jamstvo.","robots":{"index":"index","follow":"follow","max-snippet":"max-snippet:-1","max-image-preview":"max-image-preview:large","max-video-preview":"max-video-preview:-1"},"canonical":"https:\/\/avto-j.si\/index.php\/zaloga-vozil\/","og_locale":"sl_SI","og_type":"article","og_title":"Zaloga vozil - Avto - J - Jernej Bercko s.p.","og_description":"Svetujemo in pomagamo vam izbrati vozilo glede na va\u0161e potrebe in zmo\u017enosti. Ob nakupu nudimo 12 mese\u010dno jamstvo.","og_url":"https:\/\/avto-j.si\/index.php\/zaloga-vozil\/","og_site_name":"Avto - J","article_modified_time":"2021-05-08T21:13:57+00:00","twitter_card":"summary_large_image","schema":{"@context":"https:\/\/schema.org","@graph":[{"@type":"WebPage","@id":"https:\/\/avto-j.si\/index.php\/zaloga-vozil\/","url":"https:\/\/avto-j.si\/index.php\/zaloga-vozil\/","name":"Zaloga vozil - Avto - J - Jernej Bercko s.p.","isPartOf":{"@id":"https:\/\/avto-j.si\/#website"},"datePublished":"2021-05-06T07:25:19+00:00","dateModified":"2021-05-08T21:13:57+00:00","description":"Svetujemo in pomagamo vam izbrati vozilo glede na va\u0161e potrebe in zmo\u017enosti. Ob nakupu nudimo 12 mese\u010dno jamstvo.","breadcrumb":{"@id":"https:\/\/avto-j.si\/index.php\/zaloga-vozil\/#breadcrumb"},"inLanguage":"sl-SI","potentialAction":[{"@type":"ReadAction","target":["https:\/\/avto-j.si\/index.php\/zaloga-vozil\/"]}]},{"@type":"BreadcrumbList","@id":"https:\/\/avto-j.si\/index.php\/zaloga-vozil\/#breadcrumb","itemListElement":[{"@type":"ListItem","position":1,"name":"Home","item":"https:\/\/avto-j.si\/"},{"@type":"ListItem","position":2,"name":"Zaloga vozil"}]},{"@type":"WebSite","@id":"https:\/\/avto-j.si\/#website","url":"https:\/\/avto-j.si\/","name":"Avto - J, Jernej Bercko s.p.","description":"Uvoz in prodaja vozil","publisher":{"@id":"https:\/\/avto-j.si\/#organization"},"potentialAction":[{"@type":"SearchAction","target":{"@type":"EntryPoint","urlTemplate":"https:\/\/avto-j.si\/?s={search_term_string}"},"query-input":{"@type":"PropertyValueSpecification","valueRequired":true,"valueName":"search_term_string"}}],"inLanguage":"sl-SI"},{"@type":"Organization","@id":"https:\/\/avto-j.si\/#organization","name":"Avto-J, Jernej Bercko s.p.","url":"https:\/\/avto-j.si\/","logo":{"@type":"ImageObject","inLanguage":"sl-SI","@id":"https:\/\/avto-j.si\/#\/schema\/logo\/image\/","url":"https:\/\/avto-j.si\/wp-content\/uploads\/2021\/05\/Logo.png","contentUrl":"https:\/\/avto-j.si\/wp-content\/uploads\/2021\/05\/Logo.png","width":2184,"height":742,"caption":"Avto-J, Jernej Bercko s.p."},"image":{"@id":"https:\/\/avto-j.si\/#\/schema\/logo\/image\/"}}]}},"acf":[],"_links":{"self":[{"href":"https:\/\/avto-j.si\/index.php\/wp-json\/wp\/v2\/pages\/14","targetHints":{"allow":["GET"]}}],"collection":[{"href":"https:\/\/avto-j.si\/index.php\/wp-json\/wp\/v2\/pages"}],"about":[{"href":"https:\/\/avto-j.si\/index.php\/wp-json\/wp\/v2\/types\/page"}],"author":[{"embeddable":true,"href":"https:\/\/avto-j.si\/index.php\/wp-json\/wp\/v2\/users\/1"}],"replies":[{"embeddable":true,"href":"https:\/\/avto-j.si\/index.php\/wp-json\/wp\/v2\/comments?post=14"}],"version-history":[{"count":0,"href":"https:\/\/avto-j.si\/index.php\/wp-json\/wp\/v2\/pages\/14\/revisions"}],"wp:attachment":[{"href":"https:\/\/avto-j.si\/index.php\/wp-json\/wp\/v2\/media?parent=14"}],"curies":[{"name":"wp","href":"https:\/\/api.w.org\/{rel}","templated":true}]}}